{"id":193,"date":"2014-05-29T09:22:31","date_gmt":"2014-05-29T09:22:31","guid":{"rendered":"http:\/\/actisur.es\/edo\/noticias\/?page_id=193"},"modified":"2014-06-17T09:58:32","modified_gmt":"2014-06-17T09:58:32","slug":"el-profesor","status":"publish","type":"page","link":"http:\/\/actisur.es\/noticias\/el-profesor\/","title":{"rendered":"El Profesor"},"content":{"rendered":"<div id='full_slider_1'  class='avia-fullwidth-slider main_color avia-shadow   avia-builder-el-0  el_before_av_hr  avia-builder-el-first   container_wrap sidebar_right'  ><div  class='avia-slideshow av-av_slideshow_full-7cad119d585834eda4434484dcfa2cd3 avia-slideshow-featured_large av_slideshow_full avia-slide-slider av-slideshow-ui av-control-default av-slideshow-autoplay av-loop-endless av-loop-manual-endless av-default-height-applied   avia-slideshow-1' data-slideshow-options=\"{&quot;animation&quot;:&quot;slide&quot;,&quot;autoplay&quot;:true,&quot;loop_autoplay&quot;:&quot;endless&quot;,&quot;interval&quot;:3,&quot;loop_manual&quot;:&quot;manual-endless&quot;,&quot;autoplay_stopper&quot;:false,&quot;noNavigation&quot;:false,&quot;bg_slider&quot;:false,&quot;keep_padding&quot;:false,&quot;hoverpause&quot;:false,&quot;show_slide_delay&quot;:0}\"  itemprop=\"image\" itemscope=\"itemscope\" itemtype=\"https:\/\/schema.org\/ImageObject\" ><ul class='avia-slideshow-inner ' style='padding-bottom: 41.4%;'><li  class='avia-slideshow-slide av-av_slideshow_full-7cad119d585834eda4434484dcfa2cd3__0  slide-1 slide-odd'><div data-rel='slideshow-1' class='avia-slide-wrap '   ><img fetchpriority=\"high\" class=\"wp-image-287 avia-img-lazy-loading-not-287\"  src='http:\/\/actisur.es\/noticias\/wp-content\/uploads\/sites\/2\/2014\/05\/slide01_2ok.jpg' width='1500' height='621' title='slide01_2ok' alt=''  itemprop=\"thumbnailUrl\"   \/><\/div><\/li><li  class='avia-slideshow-slide av-av_slideshow_full-7cad119d585834eda4434484dcfa2cd3__1  slide-2 slide-even'><div data-rel='slideshow-1' class='avia-slide-wrap '   ><img fetchpriority=\"high\" class=\"wp-image-303 avia-img-lazy-loading-not-303\"  src='http:\/\/actisur.es\/noticias\/wp-content\/uploads\/sites\/2\/2014\/05\/slide02sinreflejo1-1500x630.jpg' width='1500' height='630' title='slide02sinreflejo' alt=''  itemprop=\"thumbnailUrl\"   \/><\/div><\/li><li  class='avia-slideshow-slide av-av_slideshow_full-7cad119d585834eda4434484dcfa2cd3__2  slide-3 slide-odd'><div data-rel='slideshow-1' class='avia-slide-wrap '   ><img fetchpriority=\"high\" class=\"wp-image-244 avia-img-lazy-loading-not-244\"  src='http:\/\/actisur.es\/noticias\/wp-content\/uploads\/sites\/2\/2014\/05\/slide03_ok-1500x630.jpg' width='1500' height='630' title='slide03_ok' alt=''  itemprop=\"thumbnailUrl\"   \/><\/div><\/li><li  class='avia-slideshow-slide av-av_slideshow_full-7cad119d585834eda4434484dcfa2cd3__3  slide-4 slide-even'><div data-rel='slideshow-1' class='avia-slide-wrap '   ><img fetchpriority=\"high\" class=\"wp-image-289 avia-img-lazy-loading-not-289\"  src='http:\/\/actisur.es\/noticias\/wp-content\/uploads\/sites\/2\/2014\/05\/slide04_2ok.jpg' width='1500' height='622' title='slide04_2ok' alt=''  itemprop=\"thumbnailUrl\"   \/><\/div><\/li><li  class='avia-slideshow-slide av-av_slideshow_full-7cad119d585834eda4434484dcfa2cd3__4  slide-5 slide-odd'><div data-rel='slideshow-1' class='avia-slide-wrap '   ><img fetchpriority=\"high\" class=\"wp-image-291 avia-img-lazy-loading-not-291\"  src='http:\/\/actisur.es\/noticias\/wp-content\/uploads\/sites\/2\/2014\/05\/slide05_2ok-1500x630.jpg' width='1500' height='630' title='slide05_2ok' alt=''  itemprop=\"thumbnailUrl\"   \/><\/div><\/li><\/ul><div class='avia-slideshow-arrows avia-slideshow-controls' ><a href='#prev' class='prev-slide ' aria-hidden='true' data-av_icon='\ue87c' data-av_iconfont='entypo-fontello'  tabindex='-1'>Anterior<\/a><a href='#next' class='next-slide ' aria-hidden='true' data-av_icon='\ue87d' data-av_iconfont='entypo-fontello'  tabindex='-1'>Posterior<\/a><\/div><div class='avia-slideshow-dots avia-slideshow-controls'><a href='#1' class='goto-slide active' >1<\/a><a href='#2' class='goto-slide ' >2<\/a><a href='#3' class='goto-slide ' >3<\/a><a href='#4' class='goto-slide ' >4<\/a><a href='#5' class='goto-slide ' >5<\/a><\/div><\/div><\/div><div id='after_full_slider_1'  class='main_color av_default_container_wrap container_wrap sidebar_right'  ><div class='container av-section-cont-open' ><div class='template-page content  av-content-small alpha units'><div class='post-entry post-entry-type-page post-entry-193'><div class='entry-content-wrapper clearfix'>\n<div  class='hr av-av_hr-6782de5e73343334843daa9043c4aa80 hr-full  avia-builder-el-1  el_after_av_slideshow_full  el_before_av_one_third  avia-builder-el-first  hr-shadow'><span class='hr-inner '><span class=\"hr-inner-style\"><\/span><\/span><\/div>\n<div  class='flex_column av-av_one_third-2a9015ff38129c418a3f2eafba3e9512 av_one_third  avia-builder-el-2  el_after_av_hr  el_before_av_two_third  first flex_column_div  '     ><p>\n<style type=\"text\/css\" data-created_by=\"avia_inline_auto\" id=\"style-css-av-av_image-fd25a87ed013896191153206b834548d\">\n.avia-image-container.av-av_image-fd25a87ed013896191153206b834548d img.avia_image{\nbox-shadow:none;\n}\n.avia-image-container.av-av_image-fd25a87ed013896191153206b834548d .av-image-caption-overlay-center{\ncolor:#ffffff;\n}\n<\/style>\n<div  class='avia-image-container av-av_image-fd25a87ed013896191153206b834548d av-styling- avia-align-left  avia-builder-el-3  el_before_av_hr  avia-builder-el-first '   itemprop=\"image\" itemscope=\"itemscope\" itemtype=\"https:\/\/schema.org\/ImageObject\" ><div class=\"avia-image-container-inner\"><div class=\"avia-image-overlay-wrap\"><img fetchpriority=\"high\" class='wp-image-400 avia-img-lazy-loading-not-400 avia_image ' src='http:\/\/actisur.es\/noticias\/wp-content\/uploads\/sites\/2\/2014\/05\/fotocurriculum.jpg' alt='' title='fotocurriculum'   itemprop=\"thumbnailUrl\"  \/><\/div><\/div><\/div><br \/>\n<div  class='hr av-av_hr-d3021aff4e2c88ff75459fd6b3a45a12 hr-default  avia-builder-el-4  el_after_av_image  el_before_av_textblock '><span class='hr-inner '><span class=\"hr-inner-style\"><\/span><\/span><\/div><br \/>\n<section  class='av_textblock_section av-av_textblock-7f317741ca2418a36614f046e139f8be '   itemscope=\"itemscope\" itemtype=\"https:\/\/schema.org\/CreativeWork\" ><div class='avia_textblock'  itemprop=\"text\" ><h2>CURSOS<\/h2>\n<\/div><\/section><br \/>\n<article  class='iconbox iconbox_left av-av_icon_box-900c731fd6f3fb09c3cabdce12a03790  avia-builder-el-6  el_after_av_textblock  el_before_av_icon_box '  itemscope=\"itemscope\" itemtype=\"https:\/\/schema.org\/CreativeWork\" ><div class=\"iconbox_content\"><header class=\"entry-content-header\"><div class=\"iconbox_icon heading-color\" aria-hidden='true' data-av_icon='\ue832' data-av_iconfont='entypo-fontello'><\/div><h3 class='iconbox_content_title '  itemprop=\"headline\" ><a href='http:\/\/www.santelmo.org\/programas\/2130209497\/Programa\/Intensivo\/Direccion\/Empresas\/' title='PIDE' target=\"_blank\" rel=\"noopener noreferrer\">PIDE<\/a><\/h3><\/header><div class='iconbox_content_container '  itemprop=\"text\" ><\/div><\/div><footer class=\"entry-footer\"><\/footer><\/article><br \/>\n<article  class='iconbox iconbox_left av-av_icon_box-61e267f7b4c23136e7ba8e87c91fefe6  avia-builder-el-7  el_after_av_icon_box  el_before_av_icon_box '  itemscope=\"itemscope\" itemtype=\"https:\/\/schema.org\/CreativeWork\" ><div class=\"iconbox_content\"><header class=\"entry-content-header\"><div class=\"iconbox_icon heading-color\" aria-hidden='true' data-av_icon='\ue832' data-av_iconfont='entypo-fontello'><\/div><h3 class='iconbox_content_title '  itemprop=\"headline\" ><a href='http:\/\/www.santelmo.org\/programas\/2130209498\/Programa\/Alta\/Direccion\/' title='AD1'  >AD1<\/a><\/h3><\/header><div class='iconbox_content_container '  itemprop=\"text\" ><\/div><\/div><footer class=\"entry-footer\"><\/footer><\/article><br \/>\n<article  class='iconbox iconbox_left av-av_icon_box-4c019bbd7394aacd6186571e067bb359  avia-builder-el-8  el_after_av_icon_box  el_before_av_icon_box '  itemscope=\"itemscope\" itemtype=\"https:\/\/schema.org\/CreativeWork\" ><div class=\"iconbox_content\"><header class=\"entry-content-header\"><div class=\"iconbox_icon heading-color\" aria-hidden='true' data-av_icon='\ue832' data-av_iconfont='entypo-fontello'><\/div><h3 class='iconbox_content_title '  itemprop=\"headline\" ><a href='http:\/\/www.santelmo.org\/programas\/2130209493\/Executive\/MBA\/' title='EXECUTIVE MBA'  >EXECUTIVE MBA<\/a><\/h3><\/header><div class='iconbox_content_container '  itemprop=\"text\" ><\/div><\/div><footer class=\"entry-footer\"><\/footer><\/article><br \/>\n<article  class='iconbox iconbox_left av-av_icon_box-5fdaf2bb43c14017e844ba161457266e  avia-builder-el-9  el_after_av_icon_box  el_before_av_icon_box '  itemscope=\"itemscope\" itemtype=\"https:\/\/schema.org\/CreativeWork\" ><div class=\"iconbox_content\"><header class=\"entry-content-header\"><div class=\"iconbox_icon heading-color\" aria-hidden='true' data-av_icon='\ue832' data-av_iconfont='entypo-fontello'><\/div><h3 class='iconbox_content_title '  itemprop=\"headline\" ><a href='http:\/\/www.santelmo.org\/programas\/2130209541\/Programa\/Alta\/Direccion\/Marruecos\/' title='PAD MARRUECOS'  >PAD MARRUECOS<\/a><\/h3><\/header><div class='iconbox_content_container '  itemprop=\"text\" ><\/div><\/div><footer class=\"entry-footer\"><\/footer><\/article><br \/>\n<article  class='iconbox iconbox_left av-av_icon_box-f6e256b14f59e4e7d346f8e3b6d47344  avia-builder-el-10  el_after_av_icon_box  el_before_av_icon_box '  itemscope=\"itemscope\" itemtype=\"https:\/\/schema.org\/CreativeWork\" ><div class=\"iconbox_content\"><header class=\"entry-content-header\"><div class=\"iconbox_icon heading-color\" aria-hidden='true' data-av_icon='\ue832' data-av_iconfont='entypo-fontello'><\/div><h3 class='iconbox_content_title '  itemprop=\"headline\" ><a href='http:\/\/www.santelmo.org\/programas\/2130209549\/programa\/perfeccionamiento\/directivo\/ppd\/' title='PPD'  >PPD<\/a><\/h3><\/header><div class='iconbox_content_container '  itemprop=\"text\" ><\/div><\/div><footer class=\"entry-footer\"><\/footer><\/article><br \/>\n<article  class='iconbox iconbox_left av-av_icon_box-3c23ac356ee6b723bf4a47486dce3b1a  avia-builder-el-11  el_after_av_icon_box  el_before_av_icon_box '  itemscope=\"itemscope\" itemtype=\"https:\/\/schema.org\/CreativeWork\" ><div class=\"iconbox_content\"><header class=\"entry-content-header\"><div class=\"iconbox_icon heading-color\" aria-hidden='true' data-av_icon='\ue832' data-av_iconfont='entypo-fontello'><\/div><h3 class='iconbox_content_title '  itemprop=\"headline\" ><a href='http:\/\/www.santelmo.org\/programas\/2130209500\/Programa\/Continuidad\/' title='PROGRAMAS DE CONTINUIDAD'  >PROGRAMAS DE CONTINUIDAD<\/a><\/h3><\/header><div class='iconbox_content_container '  itemprop=\"text\" ><\/div><\/div><footer class=\"entry-footer\"><\/footer><\/article><br \/>\n<article  class='iconbox iconbox_left av-av_icon_box-bec73e85bc11b4b71266aa556d1540f0  avia-builder-el-12  el_after_av_icon_box  avia-builder-el-last '  itemscope=\"itemscope\" itemtype=\"https:\/\/schema.org\/CreativeWork\" ><div class=\"iconbox_content\"><header class=\"entry-content-header\"><div class=\"iconbox_icon heading-color\" aria-hidden='true' data-av_icon='\ue832' data-av_iconfont='entypo-fontello'><\/div><h3 class='iconbox_content_title '  itemprop=\"headline\" ><a href='http:\/\/www.santelmo.org\/Santelmo2.0\/formularios\/frmContenido.aspx?id=70&amp;tit=-%20Crecer%20sin%20nueva%20financiaci\u00f3n' title='SEMINARIO DE FINANZAS'  >SEMINARIO DE FINANZAS<\/a><\/h3><\/header><div class='iconbox_content_container '  itemprop=\"text\" ><\/div><\/div><footer class=\"entry-footer\"><\/footer><\/article><\/p><\/div><div  class='flex_column av-av_two_third-75d3b6862cb92909ce7b9878f30b6cf9 av_two_third  avia-builder-el-13  el_after_av_one_third  avia-builder-el-last  flex_column_div  '     ><div  class='av-alb-blogposts template-blog  av-blog-meta-author-disabled av-blog-meta-comments-disabled av-blog-meta-category-disabled av-blog-meta-html-info-disabled '  itemscope=\"itemscope\" itemtype=\"https:\/\/schema.org\/Blog\" ><article class=\"post-entry post-entry-type-standard post-entry-379 post-loop-1 post-parity-odd post-entry-last single-big  post-379 post type-post status-publish format-standard hentry category-curriculum\"  itemscope=\"itemscope\" itemtype=\"https:\/\/schema.org\/BlogPosting\" ><div class=\"blog-meta\"><\/div><div class='entry-content-wrapper clearfix standard-content'><header class=\"entry-content-header\"><h2 class='post-title entry-title '  itemprop=\"headline\" ><a href=\"http:\/\/actisur.es\/noticias\/curriculum\/\" rel=\"bookmark\" title=\"Enlace permanente: Curr\u00edculum\">Curr\u00edculum<span class=\"post-format-icon minor-meta\"><\/span><\/a><\/h2><span class=\"post-meta-infos\"><time class=\"date-container minor-meta updated\"  itemprop=\"datePublished\" datetime=\"2014-06-17T09:34:39+00:00\" >17 junio, 2014<\/time><\/span><\/header><div class=\"entry-content\"  itemprop=\"text\" ><h2 style=\"text-align: left;\"><\/h2>\n<p>&nbsp;<\/p>\n<h2 style=\"text-align: center;\">ESTEBAN JIM\u00c9NEZ PLANAS<\/h2>\n<p style=\"text-align: center;\"><a href=\"mailto:ejimenez@santelmo.org\">ejimenez@santelmo.org<\/a><\/p>\n<h4 style=\"text-align: left;\"><strong>TITULACI\u00d3N ACAD\u00c9MICA<\/strong><\/h4>\n<p><strong>Ingeniero Industrial. Especialidad Mec\u00e1nica<\/strong>. UNIVERSIDAD DE SEVILLA<\/p>\n<p><strong>Master en Direcci\u00f3n de Empresas.\u00a0<\/strong>INSTITUTO DE EMPRESA<\/p>\n<p><strong>Programa Direcci\u00f3n de empresas Agroalimentarias.\u00a0<\/strong>INSTITUTO INTERNACIONAL SAN TELMO<\/p>\n<p><strong>Programa de Desarrollo Acad\u00e9mico.\u00a0<\/strong>INSTITUTO INTERNACIONAL SAN TELMO<\/p>\n<p>&nbsp;<\/p>\n<h4><strong>EXPERIENCIA PROFESIONAL<\/strong><\/h4>\n<p>Durante 15 a\u00f1os ha sido <strong>Gerente<\/strong> de varias empresas en sectores Industrial, Agroalimentario y Distribuci\u00f3n, con responsabilidades Financieras, Comerciales e Industriales. Desarrollo de redes comerciales en Espa\u00f1a, Francia, Alemania. Desarrollo de instalaciones Industriales. Miembro del Consejo de Administraci\u00f3n\/Comit\u00e9 de Direcci\u00f3n.<\/p>\n<p><strong>Desde 2003 es Asesor Externo de Empresas<\/strong>, siendo miembro de varios Consejos de Administraci\u00f3n y Comit\u00e9s de Direcci\u00f3n, Comit\u00e9s de Estrategia y Comit\u00e9 de Auditoria y Control. Est\u00e1 especializado en el <strong>An\u00e1lisis Estrat\u00e9gico en procesos de internacionalizaci\u00f3n<\/strong> y en <strong>An\u00e1lisis Financiero<\/strong>. En algunas de dichas empresas participa o ha participado como socio.<\/p>\n<p>En sus 25 a\u00f1os de experiencia en gesti\u00f3n empresarial ha participado con alta implicaci\u00f3n en m\u00e1s de 40 proyectos empresariales. Ha contribuido en m\u00e1s de 10 empresas en su planificaci\u00f3n estrat\u00e9gica de internacionalizaci\u00f3n y en m\u00e1s de 20 en su gesti\u00f3n para resolver problemas financieros. Ha participado en la creaci\u00f3n o en el desarrollo del comit\u00e9 de direcci\u00f3n o del consejo de administraci\u00f3n en cerca de 20 empresas.<\/p>\n<p>&nbsp;<\/p>\n<h4><strong>EXPERIENCIA DOCENTE<\/strong><\/h4>\n<p><strong>Profesor del \u00c1rea de Finanzas<\/strong><\/p>\n<p>INSTITUTO INTERNACIONAL SAN TELMO<\/p>\n<\/div><footer class=\"entry-footer\"><\/footer><div class='post_delimiter'><\/div><\/div><div class=\"post_author_timeline\"><\/div><span class='hidden'>\n\t\t\t\t<span class='av-structured-data'  itemprop=\"image\" itemscope=\"itemscope\" itemtype=\"https:\/\/schema.org\/ImageObject\" >\n\t\t\t\t\t\t<span itemprop='url'>http:\/\/actisur.es\/noticias\/wp-content\/uploads\/sites\/2\/2014\/05\/logoblog4.png<\/span>\n\t\t\t\t\t\t<span itemprop='height'>0<\/span>\n\t\t\t\t\t\t<span itemprop='width'>0<\/span>\n\t\t\t\t<\/span>\n\t\t\t\t<span class='av-structured-data'  itemprop=\"publisher\" itemtype=\"https:\/\/schema.org\/Organization\" itemscope=\"itemscope\" >\n\t\t\t\t\t\t<span itemprop='name'>admin<\/span>\n\t\t\t\t\t\t<span itemprop='logo' itemscope itemtype='https:\/\/schema.org\/ImageObject'>\n\t\t\t\t\t\t\t<span itemprop='url'>http:\/\/actisur.es\/noticias\/wp-content\/uploads\/sites\/2\/2014\/05\/logoblog4.png<\/span>\n\t\t\t\t\t\t<\/span>\n\t\t\t\t<\/span><span class='av-structured-data'  itemprop=\"author\" itemscope=\"itemscope\" itemtype=\"https:\/\/schema.org\/Person\" ><span itemprop='name'>admin<\/span><\/span><span class='av-structured-data'  itemprop=\"datePublished\" datetime=\"2014-06-17T09:34:39+00:00\" >2014-06-17 09:34:39<\/span><span class='av-structured-data'  itemprop=\"dateModified\" itemtype=\"https:\/\/schema.org\/dateModified\" >2018-05-29 16:43:45<\/span><span class='av-structured-data'  itemprop=\"mainEntityOfPage\" itemtype=\"https:\/\/schema.org\/mainEntityOfPage\" ><span itemprop='name'>Curr\u00edculum<\/span><\/span><\/span><\/article><\/div><\/div><\/p>\n","protected":false},"excerpt":{"rendered":"","protected":false},"author":1,"featured_media":0,"parent":0,"menu_order":0,"comment_status":"open","ping_status":"closed","template":"","meta":{"footnotes":""},"_links":{"self":[{"href":"http:\/\/actisur.es\/noticias\/wp-json\/wp\/v2\/pages\/193"}],"collection":[{"href":"http:\/\/actisur.es\/noticias\/wp-json\/wp\/v2\/pages"}],"about":[{"href":"http:\/\/actisur.es\/noticias\/wp-json\/wp\/v2\/types\/page"}],"author":[{"embeddable":true,"href":"http:\/\/actisur.es\/noticias\/wp-json\/wp\/v2\/users\/1"}],"replies":[{"embeddable":true,"href":"http:\/\/actisur.es\/noticias\/wp-json\/wp\/v2\/comments?post=193"}],"version-history":[{"count":35,"href":"http:\/\/actisur.es\/noticias\/wp-json\/wp\/v2\/pages\/193\/revisions"}],"predecessor-version":[{"id":402,"href":"http:\/\/actisur.es\/noticias\/wp-json\/wp\/v2\/pages\/193\/revisions\/402"}],"wp:attachment":[{"href":"http:\/\/actisur.es\/noticias\/wp-json\/wp\/v2\/media?parent=193"}],"curies":[{"name":"wp","href":"https:\/\/api.w.org\/{rel}","templated":true}]}}