{"id":493,"date":"2017-11-21T17:59:46","date_gmt":"2017-11-21T17:59:46","guid":{"rendered":"http:\/\/actisur.es\/noticias\/?page_id=493"},"modified":"2017-11-21T17:59:46","modified_gmt":"2017-11-21T17:59:46","slug":"libros","status":"publish","type":"page","link":"http:\/\/actisur.es\/noticias\/libros\/","title":{"rendered":"Libros"},"content":{"rendered":"\n<style type=\"text\/css\" data-created_by=\"avia_inline_auto\" id=\"style-css-av-av_heading-ba8c0c41af24538356b89b5fc63037bd\">\n#top .av-special-heading.av-av_heading-ba8c0c41af24538356b89b5fc63037bd{\npadding-bottom:10px;\n}\nbody .av-special-heading.av-av_heading-ba8c0c41af24538356b89b5fc63037bd .av-special-heading-tag .heading-char{\nfont-size:25px;\n}\n.av-special-heading.av-av_heading-ba8c0c41af24538356b89b5fc63037bd .av-subheading{\nfont-size:15px;\n}\n<\/style>\n<div  class='av-special-heading av-av_heading-ba8c0c41af24538356b89b5fc63037bd av-special-heading-h3  avia-builder-el-0  el_before_av_hr  avia-builder-el-first '><h3 class='av-special-heading-tag'  itemprop=\"headline\"  >Libros<\/h3><div class=\"special-heading-border\"><div class=\"special-heading-inner-border\"><\/div><\/div><\/div>\n\n<style type=\"text\/css\" data-created_by=\"avia_inline_auto\" id=\"style-css-av-av_hr-2683186cf6c434c3fdebf44adb9dc21f\">\n#top .hr.hr-invisible.av-av_hr-2683186cf6c434c3fdebf44adb9dc21f{\nheight:20px;\n}\n<\/style>\n<div  class='hr av-av_hr-2683186cf6c434c3fdebf44adb9dc21f hr-invisible  avia-builder-el-1  el_after_av_heading  el_before_av_one_full '><span class='hr-inner '><span class=\"hr-inner-style\"><\/span><\/span><\/div>\n<div  class='flex_column av-av_one_full-2a9015ff38129c418a3f2eafba3e9512 av_one_full  avia-builder-el-2  el_after_av_hr  avia-builder-el-last  first flex_column_div  '     ><div  class='av-alb-blogposts template-blog  av-blog-meta-author-disabled av-blog-meta-comments-disabled av-blog-meta-category-disabled av-blog-meta-html-info-disabled '  itemscope=\"itemscope\" itemtype=\"https:\/\/schema.org\/Blog\" ><article class=\"post-entry post-entry-type-standard post-entry-496 post-loop-1 post-parity-odd post-entry-last single-big with-slider post-496 post type-post status-publish format-standard has-post-thumbnail hentry category-libros\"  itemscope=\"itemscope\" itemtype=\"https:\/\/schema.org\/BlogPosting\" ><div class=\"big-preview single-big\"  itemprop=\"image\" itemscope=\"itemscope\" itemtype=\"https:\/\/schema.org\/ImageObject\" ><a href=\"http:\/\/actisur.es\/noticias\/como-conquistar-el-mundo-desde-mi-empresa\/\"  title=\"destacada-libro\" ><img decoding=\"async\" loading=\"lazy\" width=\"1210\" height=\"423\" src=\"http:\/\/actisur.es\/noticias\/wp-content\/uploads\/sites\/2\/2017\/11\/destacada-libro-1210x423.jpg\" class=\"wp-image-728 avia-img-lazy-loading-728 attachment-entry_without_sidebar size-entry_without_sidebar wp-post-image\" alt=\"\" \/><\/a><\/div><div class=\"blog-meta\"><\/div><div class='entry-content-wrapper clearfix standard-content'><header class=\"entry-content-header\"><h2 class='post-title entry-title '  itemprop=\"headline\" ><a href=\"http:\/\/actisur.es\/noticias\/como-conquistar-el-mundo-desde-mi-empresa\/\" rel=\"bookmark\" title=\"Enlace permanente: \u00bfC\u00f3mo conquistar el mundo desde mi empresa?\">\u00bfC\u00f3mo conquistar el mundo desde mi empresa?<span class=\"post-format-icon minor-meta\"><\/span><\/a><\/h2><span class=\"post-meta-infos\"><time class=\"date-container minor-meta updated\"  itemprop=\"datePublished\" datetime=\"2017-11-21T17:29:21+00:00\" >21 noviembre, 2017<\/time><\/span><\/header><div class=\"entry-content\"  itemprop=\"text\" ><p>En el libro \u201c\u00bfC\u00f3mo conquistar el mundo desde mi empresa?\u201d se presenta una gu\u00eda de buenas pr\u00e1cticas para el proceso de internacionalizaci\u00f3n de una pyme. Con una infinidad de ejemplos reales, se expone un modelo de an\u00e1lisis y desarrollo de la internacionalizaci\u00f3n, que consta de 6 aspectos clave en origen, m\u00e1s 10 aspectos clave en [&hellip;]<\/p>\n<div class=\"read-more-link\"><a href=\"http:\/\/actisur.es\/noticias\/como-conquistar-el-mundo-desde-mi-empresa\/\" class=\"more-link\">Leer m\u00e1s<span class=\"more-link-arrow\"><\/span><\/a><\/div>\n<\/div><footer class=\"entry-footer\"><\/footer><div class='post_delimiter'><\/div><\/div><div class=\"post_author_timeline\"><\/div><span class='hidden'>\n\t\t\t\t<span class='av-structured-data'  itemprop=\"image\" itemscope=\"itemscope\" itemtype=\"https:\/\/schema.org\/ImageObject\" >\n\t\t\t\t\t\t<span itemprop='url'>http:\/\/actisur.es\/noticias\/wp-content\/uploads\/sites\/2\/2017\/11\/destacada-libro.jpg<\/span>\n\t\t\t\t\t\t<span itemprop='height'>626<\/span>\n\t\t\t\t\t\t<span itemprop='width'>1429<\/span>\n\t\t\t\t<\/span>\n\t\t\t\t<span class='av-structured-data'  itemprop=\"publisher\" itemtype=\"https:\/\/schema.org\/Organization\" itemscope=\"itemscope\" >\n\t\t\t\t\t\t<span itemprop='name'>admin<\/span>\n\t\t\t\t\t\t<span itemprop='logo' itemscope itemtype='https:\/\/schema.org\/ImageObject'>\n\t\t\t\t\t\t\t<span itemprop='url'>http:\/\/actisur.es\/noticias\/wp-content\/uploads\/sites\/2\/2014\/05\/logoblog4.png<\/span>\n\t\t\t\t\t\t<\/span>\n\t\t\t\t<\/span><span class='av-structured-data'  itemprop=\"author\" itemscope=\"itemscope\" itemtype=\"https:\/\/schema.org\/Person\" ><span itemprop='name'>admin<\/span><\/span><span class='av-structured-data'  itemprop=\"datePublished\" datetime=\"2017-11-21T17:29:21+00:00\" >2017-11-21 17:29:21<\/span><span class='av-structured-data'  itemprop=\"dateModified\" itemtype=\"https:\/\/schema.org\/dateModified\" >2018-05-29 16:43:44<\/span><span class='av-structured-data'  itemprop=\"mainEntityOfPage\" itemtype=\"https:\/\/schema.org\/mainEntityOfPage\" ><span itemprop='name'>\u00bfC\u00f3mo conquistar el mundo desde mi empresa?<\/span><\/span><\/span><\/article><\/div><\/div>\n","protected":false},"excerpt":{"rendered":"","protected":false},"author":1,"featured_media":0,"parent":0,"menu_order":0,"comment_status":"open","ping_status":"open","template":"","meta":{"footnotes":""},"_links":{"self":[{"href":"http:\/\/actisur.es\/noticias\/wp-json\/wp\/v2\/pages\/493"}],"collection":[{"href":"http:\/\/actisur.es\/noticias\/wp-json\/wp\/v2\/pages"}],"about":[{"href":"http:\/\/actisur.es\/noticias\/wp-json\/wp\/v2\/types\/page"}],"author":[{"embeddable":true,"href":"http:\/\/actisur.es\/noticias\/wp-json\/wp\/v2\/users\/1"}],"replies":[{"embeddable":true,"href":"http:\/\/actisur.es\/noticias\/wp-json\/wp\/v2\/comments?post=493"}],"version-history":[{"count":2,"href":"http:\/\/actisur.es\/noticias\/wp-json\/wp\/v2\/pages\/493\/revisions"}],"predecessor-version":[{"id":495,"href":"http:\/\/actisur.es\/noticias\/wp-json\/wp\/v2\/pages\/493\/revisions\/495"}],"wp:attachment":[{"href":"http:\/\/actisur.es\/noticias\/wp-json\/wp\/v2\/media?parent=493"}],"curies":[{"name":"wp","href":"https:\/\/api.w.org\/{rel}","templated":true}]}}